{"id":1358,"date":"2022-03-13T22:01:44","date_gmt":"2022-03-13T22:01:44","guid":{"rendered":"http:\/\/wpginternational.com.co\/?page_id=1358"},"modified":"2022-03-13T22:10:25","modified_gmt":"2022-03-13T22:10:25","slug":"areas-de-experiencia","status":"publish","type":"page","link":"https:\/\/wpginternational.com.co\/?page_id=1358","title":{"rendered":"\u00c1REAS DE EXPERIENCIA"},"content":{"rendered":"\n<div class=\"wp-block-cover is-light\" style=\"min-height:300px;aspect-ratio:unset;\"><span aria-hidden=\"true\" class=\"has-background-dim-0 wp-block-cover__gradient-background has-background-dim\"><\/span><img loading=\"lazy\" decoding=\"async\" width=\"1370\" height=\"500\" class=\"wp-block-cover__image-background wp-image-1359\" alt=\"Banner \u00c1reas de experiencia\" src=\"http:\/\/wpginternational.com.co\/wp-content\/uploads\/2022\/03\/Servicios-.jpg\" data-object-fit=\"cover\" srcset=\"https:\/\/wpginternational.com.co\/wp-content\/uploads\/2022\/03\/Servicios-.jpg 1370w, https:\/\/wpginternational.com.co\/wp-content\/uploads\/2022\/03\/Servicios--300x109.jpg 300w, https:\/\/wpginternational.com.co\/wp-content\/uploads\/2022\/03\/Servicios--1024x374.jpg 1024w, https:\/\/wpginternational.com.co\/wp-content\/uploads\/2022\/03\/Servicios--768x280.jpg 768w\" sizes=\"auto, (max-width: 1370px) 100vw, 1370px\" \/><div class=\"wp-block-cover__inner-container is-layout-flow wp-block-cover-is-layout-flow\">\n<p class=\"has-text-align-center has-large-font-size\"><\/p>\n<\/div><\/div>\n\n\n\n<div style=\"height:30px\" aria-hidden=\"true\" class=\"wp-block-spacer\"><\/div>\n\n\n\n<div class=\"wp-block-columns has-nv-site-bg-background-color has-background is-layout-flex wp-container-core-columns-is-layout-9d6595d7 wp-block-columns-is-layout-flex\">\n<div class=\"wp-block-column is-layout-flow wp-block-column-is-layout-flow\" style=\"flex-basis:60px\"><\/div>\n\n\n\n<div class=\"wp-block-column is-layout-flow wp-block-column-is-layout-flow\" style=\"flex-basis:100%\">\n<p class=\"has-text-align-center has-neve-text-color-color has-text-color\" style=\"font-size:28px\"><strong>\u00c1REAS DE EXPERIENCIA<\/strong><\/p>\n\n\n\n<p class=\"has-text-align-left justificar has-neve-text-color-color has-text-color has-medium-font-size\">Sed Nove tiene un record de \u00e9xito dif\u00edcil de igualar, y con gran aceptaci\u00f3n por nuestros clientes, no s\u00f3lo por el logro de los objetivos, sino tambi\u00e9n por el profesionalismo de todo nuestro equipo de trabajo, en la preservaci\u00f3n de la reputaci\u00f3n de las empresas que nos contratan.<\/p>\n\n\n\n<div class=\"wp-block-image\"><figure class=\"aligncenter size-large is-resized\"><img loading=\"lazy\" decoding=\"async\" src=\"http:\/\/wpginternational.com.co\/wp-content\/uploads\/2022\/03\/Areas-de-experiencia-1024x497.png\" alt=\"\u00c1reas de experiencia\" class=\"wp-image-1360\" width=\"1024\" height=\"497\" srcset=\"https:\/\/wpginternational.com.co\/wp-content\/uploads\/2022\/03\/Areas-de-experiencia-1024x497.png 1024w, https:\/\/wpginternational.com.co\/wp-content\/uploads\/2022\/03\/Areas-de-experiencia-300x146.png 300w, https:\/\/wpginternational.com.co\/wp-content\/uploads\/2022\/03\/Areas-de-experiencia-768x373.png 768w, https:\/\/wpginternational.com.co\/wp-content\/uploads\/2022\/03\/Areas-de-experiencia-1536x745.png 1536w, https:\/\/wpginternational.com.co\/wp-content\/uploads\/2022\/03\/Areas-de-experiencia.png 1888w\" sizes=\"auto, (max-width: 1024px) 100vw, 1024px\" \/><\/figure><\/div>\n<\/div>\n\n\n\n<div class=\"wp-block-column is-layout-flow wp-block-column-is-layout-flow\" style=\"flex-basis:60px\"><\/div>\n<\/div>\n\n\n\n<div class=\"wp-block-cover\" style=\"min-height:400px;aspect-ratio:unset;\"><span aria-hidden=\"true\" class=\"has-neve-link-color-background-color has-background-dim-100 wp-block-cover__gradient-background has-background-dim\"><\/span><div class=\"wp-block-cover__inner-container is-layout-flow wp-block-cover-is-layout-flow\">\n<div class=\"wp-block-columns is-layout-flex wp-container-core-columns-is-layout-9d6595d7 wp-block-columns-is-layout-flex\">\n<div class=\"wp-block-column is-layout-flow wp-block-column-is-layout-flow\">\n<div style=\"height:50px\" aria-hidden=\"true\" class=\"wp-block-spacer\"><\/div>\n\n\n\n<div class=\"wp-block-columns is-layout-flex wp-container-core-columns-is-layout-9d6595d7 wp-block-columns-is-layout-flex\">\n<div class=\"wp-block-column is-layout-flow wp-block-column-is-layout-flow\" style=\"flex-basis:30px\">\n<div style=\"height:20px\" aria-hidden=\"true\" class=\"wp-block-spacer\"><\/div>\n<\/div>\n\n\n\n<div class=\"wp-block-column is-layout-flow wp-block-column-is-layout-flow\">\n<hr class=\"wp-block-separator has-text-color has-background\" style=\"background-color:#728197;color:#728197\"\/>\n\n\n\n<p class=\"has-text-color\" style=\"color:#728197;font-size:14px\"><strong>COLOMBIA<\/strong><br>WP Group &#8211; Sed Nove<br>Cra. 7 No. 79B-57<br>Oficina 104<br>Bogot\u00e1, Colombia\/C.P., 110221<br>+57 (1) 2553901<\/p>\n\n\n\n<div style=\"height:20px\" aria-hidden=\"true\" class=\"wp-block-spacer\"><\/div>\n\n\n\n<hr class=\"wp-block-separator has-text-color has-background\" style=\"background-color:#728197;color:#728197\"\/>\n\n\n\n<p class=\"has-text-color\" style=\"color:#728197;font-size:14px\"><strong><strong>PUERTO RICO<\/strong><br><\/strong>WP Group<br>654 Plaza, Suite 1801<br>654 Mu\u00f1oz Rivera Ave<br>San Juan, Puerto Rico 00918<br>787 946 55<strong>25<\/strong><\/p>\n<\/div>\n\n\n\n<div class=\"wp-block-column is-layout-flow wp-block-column-is-layout-flow\">\n<hr class=\"wp-block-separator has-text-color has-background\" style=\"background-color:#728197;color:#728197\"\/>\n\n\n\n<p class=\"has-text-color\" style=\"color:#728197;font-size:14px\"><strong><strong>WASHINGTON, DC<\/strong><br><\/strong>WP Group<br>1701 Pennsylvania Ave<br>Suite 200<br>Washington, DC 20006<br>202 248 54221<\/p>\n\n\n\n<div style=\"height:20px\" aria-hidden=\"true\" class=\"wp-block-spacer\"><\/div>\n\n\n\n<hr class=\"wp-block-separator has-text-color has-background\" style=\"background-color:#728197;color:#728197\"\/>\n\n\n\n<p class=\"has-text-color\" style=\"color:#728197;font-size:14px\"><strong><strong><strong>ARGENTINA<\/strong><\/strong><\/strong><br>Infomedia<strong><strong><br><\/strong><\/strong>Av Santa Fe 1752, 3\u02daA<br>Buenos Aires, Argentina<br>+54 11 6842 07251<\/p>\n<\/div>\n\n\n\n<div class=\"wp-block-column is-layout-flow wp-block-column-is-layout-flow\">\n<hr class=\"wp-block-separator has-text-color has-background\" style=\"background-color:#728197;color:#728197\"\/>\n\n\n\n<p class=\"has-text-color\" style=\"color:#728197\"><strong><strong><strong>PANAMA<\/strong><br><\/strong><\/strong>WP Group, Inc.<br>Capital Plaza, Piso 8<br>Costa del Este<br>Ave Roberto Motta<br>Ciudad de Panam\u00e1, Panam\u00e1<br>+507 3069600 &#8211; 202 248 54221<\/p>\n<\/div>\n\n\n\n<div class=\"wp-block-column is-layout-flow wp-block-column-is-layout-flow\">\n<hr class=\"wp-block-separator has-text-color has-background\" style=\"background-color:#728197;color:#728197\"\/>\n\n\n\n<p class=\"has-text-color\" style=\"color:#728197;font-size:14px\"><strong><strong><strong><strong>PERU<\/strong><\/strong><\/strong><\/strong><br>WP Group &#8211; Concertum<strong><strong><strong><br><\/strong><\/strong><\/strong>Calle Los Angeles 340<br>Miraflores, Lima 18<br>Per\u00fa<br>+51 (1) 6286230<\/p>\n<\/div>\n\n\n\n<div class=\"wp-block-column is-layout-flow wp-block-column-is-layout-flow\" style=\"flex-basis:30px\"><\/div>\n<\/div>\n<\/div>\n<\/div>\n\n\n\n<div class=\"wp-block-columns is-layout-flex wp-container-core-columns-is-layout-9d6595d7 wp-block-columns-is-layout-flex\">\n<div class=\"wp-block-column has-neve-link-color-background-color has-background is-layout-flow wp-block-column-is-layout-flow\" style=\"flex-basis:25%\"><\/div>\n\n\n\n<div class=\"wp-block-column is-layout-flow wp-block-column-is-layout-flow\" style=\"flex-basis:50%\">\n<p class=\"has-text-align-center has-text-color\" style=\"color:#728197\"><em>An International Consulting Firm<\/em><br>Washington DC | Puerto Rico | Latin America<\/p>\n<\/div>\n\n\n\n<div class=\"wp-block-column is-layout-flow wp-block-column-is-layout-flow\" style=\"flex-basis:25%\"><\/div>\n<\/div>\n<\/div><\/div>\n","protected":false},"excerpt":{"rendered":"<p>\u00c1REAS DE EXPERIENCIA Sed Nove tiene un record de \u00e9xito dif\u00edcil de igualar, y con gran aceptaci\u00f3n por nuestros clientes, no s\u00f3lo por el logro de los objetivos, sino tambi\u00e9n por el profesionalismo de todo nuestro equipo de trabajo, en la preservaci\u00f3n de la reputaci\u00f3n de las empresas que nos contratan.<\/p>\n","protected":false},"author":1,"featured_media":0,"parent":0,"menu_order":0,"comment_status":"closed","ping_status":"closed","template":"","meta":{"om_disable_all_campaigns":false,"_monsterinsights_skip_tracking":false,"_monsterinsights_sitenote_active":false,"_monsterinsights_sitenote_note":"","_monsterinsights_sitenote_category":0,"neve_meta_sidebar":"","neve_meta_container":"full-width","neve_meta_enable_content_width":"","neve_meta_content_width":0,"neve_meta_title_alignment":"","neve_meta_author_avatar":"","neve_post_elements_order":"","neve_meta_disable_header":"","neve_meta_disable_footer":"","neve_meta_disable_title":"on","footnotes":""},"class_list":["post-1358","page","type-page","status-publish","hentry"],"_links":{"self":[{"href":"https:\/\/wpginternational.com.co\/index.php?rest_route=\/wp\/v2\/pages\/1358","targetHints":{"allow":["GET"]}}],"collection":[{"href":"https:\/\/wpginternational.com.co\/index.php?rest_route=\/wp\/v2\/pages"}],"about":[{"href":"https:\/\/wpginternational.com.co\/index.php?rest_route=\/wp\/v2\/types\/page"}],"author":[{"embeddable":true,"href":"https:\/\/wpginternational.com.co\/index.php?rest_route=\/wp\/v2\/users\/1"}],"replies":[{"embeddable":true,"href":"https:\/\/wpginternational.com.co\/index.php?rest_route=%2Fwp%2Fv2%2Fcomments&post=1358"}],"version-history":[{"count":13,"href":"https:\/\/wpginternational.com.co\/index.php?rest_route=\/wp\/v2\/pages\/1358\/revisions"}],"predecessor-version":[{"id":1376,"href":"https:\/\/wpginternational.com.co\/index.php?rest_route=\/wp\/v2\/pages\/1358\/revisions\/1376"}],"wp:attachment":[{"href":"https:\/\/wpginternational.com.co\/index.php?rest_route=%2Fwp%2Fv2%2Fmedia&parent=1358"}],"curies":[{"name":"wp","href":"https:\/\/api.w.org\/{rel}","templated":true}]}}