{"id":1345,"date":"2022-03-13T21:43:10","date_gmt":"2022-03-13T21:43:10","guid":{"rendered":"http:\/\/wpginternational.com.co\/?page_id=1345"},"modified":"2022-03-13T21:53:11","modified_gmt":"2022-03-13T21:53:11","slug":"que-hacmos","status":"publish","type":"page","link":"https:\/\/wpginternational.com.co\/?page_id=1345","title":{"rendered":"QU\u00c9 HACEMOS"},"content":{"rendered":"\n<div class=\"wp-block-cover\" style=\"min-height:300px;aspect-ratio:unset;\"><span aria-hidden=\"true\" class=\"has-background-dim-0 wp-block-cover__gradient-background has-background-dim\"><\/span><img loading=\"lazy\" decoding=\"async\" width=\"1370\" height=\"500\" class=\"wp-block-cover__image-background wp-image-1329\" alt=\"Banner que hacemos\" src=\"http:\/\/wpginternational.com.co\/wp-content\/uploads\/2022\/03\/Servicios-2.jpg\" data-object-fit=\"cover\" srcset=\"https:\/\/wpginternational.com.co\/wp-content\/uploads\/2022\/03\/Servicios-2.jpg 1370w, https:\/\/wpginternational.com.co\/wp-content\/uploads\/2022\/03\/Servicios-2-300x109.jpg 300w, https:\/\/wpginternational.com.co\/wp-content\/uploads\/2022\/03\/Servicios-2-1024x374.jpg 1024w, https:\/\/wpginternational.com.co\/wp-content\/uploads\/2022\/03\/Servicios-2-768x280.jpg 768w\" sizes=\"auto, (max-width: 1370px) 100vw, 1370px\" \/><div class=\"wp-block-cover__inner-container is-layout-flow wp-block-cover-is-layout-flow\">\n<p class=\"has-text-align-center has-large-font-size\"><\/p>\n<\/div><\/div>\n\n\n\n<div class=\"wp-block-cover\" style=\"min-height:300px;aspect-ratio:unset;\"><span aria-hidden=\"true\" class=\"has-nv-site-bg-background-color has-background-dim-100 wp-block-cover__gradient-background has-background-dim\"><\/span><div class=\"wp-block-cover__inner-container is-layout-flow wp-block-cover-is-layout-flow\">\n<div class=\"wp-block-columns is-layout-flex wp-container-core-columns-is-layout-9d6595d7 wp-block-columns-is-layout-flex\">\n<div class=\"wp-block-column is-layout-flow wp-block-column-is-layout-flow\">\n<div class=\"wp-block-columns is-layout-flex wp-container-core-columns-is-layout-9d6595d7 wp-block-columns-is-layout-flex\">\n<div class=\"wp-block-column is-layout-flow wp-block-column-is-layout-flow\" style=\"flex-basis:60px\"><\/div>\n\n\n\n<div class=\"wp-block-column is-layout-flow wp-block-column-is-layout-flow\">\n<div style=\"height:30px\" aria-hidden=\"true\" class=\"wp-block-spacer\"><\/div>\n\n\n<p class=\"fonts-plugin-block\" style=\"font-weight: normal;font-size: 28px;line-height: 1.2;color: var(--nv-text-color)\"><strong>QU\u00c9 HACEMOS<\/strong><br>Cabildeo, Investigaci\u00f3n y Desarrollo de Asuntos P\u00fablicos<\/p><\/div>\n\n\n\n<div class=\"wp-block-column is-layout-flow wp-block-column-is-layout-flow\">\n<p><\/p>\n<\/div>\n\n\n\n<div class=\"wp-block-column is-layout-flow wp-block-column-is-layout-flow\" style=\"flex-basis:60px\"><\/div>\n<\/div>\n\n\n\n<div class=\"wp-block-columns is-layout-flex wp-container-core-columns-is-layout-9d6595d7 wp-block-columns-is-layout-flex\">\n<div class=\"wp-block-column is-layout-flow wp-block-column-is-layout-flow\" style=\"flex-basis:60px\"><\/div>\n\n\n\n<div class=\"wp-block-column is-layout-flow wp-block-column-is-layout-flow\">\n<p class=\"justificar has-neve-text-color-color has-text-color\">Nuestro objetivo, es poner a disposici\u00f3n de nuestros clientes, conocimientos, datos, criterio y amplia experiencia en lo que respecta al \u00e1mbito pol\u00ed\u00adtico, legislativo y jur\u00eddico. Esto lo logramos a trav\u00e9s de monitoreo legislativo, investigaci\u00f3n en distintos campos e industrias, an\u00e1lisis, selecci\u00f3n y recopilaci\u00f3n de informaci\u00f3n de inter\u00e9s en los temas m\u00e1s complejos de actualidad.<\/p>\n\n\n\n<p class=\"justificar has-neve-text-color-color has-text-color\"><\/p>\n<\/div>\n\n\n\n<div class=\"wp-block-column is-layout-flow wp-block-column-is-layout-flow\">\n<p class=\"justificar has-neve-text-color-color has-text-color\">Desarrollamos nuestras actividades en el Congreso de la Rep\u00fablica, Asambleas Departamentales, Concejos Municipales y Distritales, el Gobierno Nacional, los Gobiernos Departamentales, Municipales y Distritales del pa\u00ed\u00ads, tambi\u00e9n actuamos si es necesario frente a Gremios, l\u00ed\u00adderes de opini\u00f3n, partidos pol\u00edticos y dem\u00e1s instituciones o personas capaces de influir en una decisi\u00f3n de inter\u00e9s estrat\u00e9gico.<\/p>\n<\/div>\n\n\n\n<div class=\"wp-block-column is-layout-flow wp-block-column-is-layout-flow\" style=\"flex-basis:60px\"><\/div>\n<\/div>\n<\/div>\n<\/div>\n<\/div><\/div>\n\n\n\n<div class=\"wp-block-cover\" style=\"min-height:400px;aspect-ratio:unset;\"><span aria-hidden=\"true\" class=\"has-neve-link-color-background-color has-background-dim-100 wp-block-cover__gradient-background has-background-dim\"><\/span><div class=\"wp-block-cover__inner-container is-layout-flow wp-block-cover-is-layout-flow\">\n<div class=\"wp-block-columns is-layout-flex wp-container-core-columns-is-layout-9d6595d7 wp-block-columns-is-layout-flex\">\n<div class=\"wp-block-column is-layout-flow wp-block-column-is-layout-flow\">\n<div style=\"height:50px\" aria-hidden=\"true\" class=\"wp-block-spacer\"><\/div>\n\n\n\n<div class=\"wp-block-columns is-layout-flex wp-container-core-columns-is-layout-9d6595d7 wp-block-columns-is-layout-flex\">\n<div class=\"wp-block-column is-layout-flow wp-block-column-is-layout-flow\" style=\"flex-basis:30px\">\n<div style=\"height:20px\" aria-hidden=\"true\" class=\"wp-block-spacer\"><\/div>\n<\/div>\n\n\n\n<div class=\"wp-block-column is-layout-flow wp-block-column-is-layout-flow\">\n<hr class=\"wp-block-separator has-text-color has-background\" style=\"background-color:#728197;color:#728197\"\/>\n\n\n\n<p class=\"has-text-color\" style=\"color:#728197;font-size:14px\"><strong>COLOMBIA<\/strong><br>WP Group &#8211; Sed Nove<br>Cra. 7 No. 79B-57<br>Oficina 104<br>Bogot\u00e1, Colombia\/C.P., 110221<br>+57 (1) 2553901<\/p>\n\n\n\n<div style=\"height:20px\" aria-hidden=\"true\" class=\"wp-block-spacer\"><\/div>\n\n\n\n<hr class=\"wp-block-separator has-text-color has-background\" style=\"background-color:#728197;color:#728197\"\/>\n\n\n\n<p class=\"has-text-color\" style=\"color:#728197;font-size:14px\"><strong><strong>PUERTO RICO<\/strong><br><\/strong>WP Group<br>654 Plaza, Suite 1801<br>654 Mu\u00f1oz Rivera Ave<br>San Juan, Puerto Rico 00918<br>787 946 55<strong>25<\/strong><\/p>\n<\/div>\n\n\n\n<div class=\"wp-block-column is-layout-flow wp-block-column-is-layout-flow\">\n<hr class=\"wp-block-separator has-text-color has-background\" style=\"background-color:#728197;color:#728197\"\/>\n\n\n\n<p class=\"has-text-color\" style=\"color:#728197;font-size:14px\"><strong><strong>WASHINGTON, DC<\/strong><br><\/strong>WP Group<br>1701 Pennsylvania Ave<br>Suite 200<br>Washington, DC 20006<br>202 248 54221<\/p>\n\n\n\n<div style=\"height:20px\" aria-hidden=\"true\" class=\"wp-block-spacer\"><\/div>\n\n\n\n<hr class=\"wp-block-separator has-text-color has-background\" style=\"background-color:#728197;color:#728197\"\/>\n\n\n\n<p class=\"has-text-color\" style=\"color:#728197;font-size:14px\"><strong><strong><strong>ARGENTINA<\/strong><\/strong><\/strong><br>Infomedia<strong><strong><br><\/strong><\/strong>Av Santa Fe 1752, 3\u02daA<br>Buenos Aires, Argentina<br>+54 11 6842 07251<\/p>\n<\/div>\n\n\n\n<div class=\"wp-block-column is-layout-flow wp-block-column-is-layout-flow\">\n<hr class=\"wp-block-separator has-text-color has-background\" style=\"background-color:#728197;color:#728197\"\/>\n\n\n\n<p class=\"has-text-color\" style=\"color:#728197\"><strong><strong><strong>PANAMA<\/strong><br><\/strong><\/strong>WP Group, Inc.<br>Capital Plaza, Piso 8<br>Costa del Este<br>Ave Roberto Motta<br>Ciudad de Panam\u00e1, Panam\u00e1<br>+507 3069600 &#8211; 202 248 54221<\/p>\n<\/div>\n\n\n\n<div class=\"wp-block-column is-layout-flow wp-block-column-is-layout-flow\">\n<hr class=\"wp-block-separator has-text-color has-background\" style=\"background-color:#728197;color:#728197\"\/>\n\n\n\n<p class=\"has-text-color\" style=\"color:#728197;font-size:14px\"><strong><strong><strong><strong>PERU<\/strong><\/strong><\/strong><\/strong><br>WP Group &#8211; Concertum<strong><strong><strong><br><\/strong><\/strong><\/strong>Calle Los Angeles 340<br>Miraflores, Lima 18<br>Per\u00fa<br>+51 (1) 6286230<\/p>\n<\/div>\n\n\n\n<div class=\"wp-block-column is-layout-flow wp-block-column-is-layout-flow\" style=\"flex-basis:30px\"><\/div>\n<\/div>\n<\/div>\n<\/div>\n\n\n\n<div class=\"wp-block-columns is-layout-flex wp-container-core-columns-is-layout-9d6595d7 wp-block-columns-is-layout-flex\">\n<div class=\"wp-block-column has-neve-link-color-background-color has-background is-layout-flow wp-block-column-is-layout-flow\" style=\"flex-basis:25%\"><\/div>\n\n\n\n<div class=\"wp-block-column is-layout-flow wp-block-column-is-layout-flow\" style=\"flex-basis:50%\">\n<p class=\"has-text-align-center has-text-color\" style=\"color:#728197\"><em>An International Consulting Firm<\/em><br>Washington DC | Puerto Rico | Latin America<\/p>\n<\/div>\n\n\n\n<div class=\"wp-block-column is-layout-flow wp-block-column-is-layout-flow\" style=\"flex-basis:25%\"><\/div>\n<\/div>\n<\/div><\/div>\n","protected":false},"excerpt":{"rendered":"","protected":false},"author":1,"featured_media":0,"parent":0,"menu_order":0,"comment_status":"closed","ping_status":"closed","template":"","meta":{"om_disable_all_campaigns":false,"_monsterinsights_skip_tracking":false,"_monsterinsights_sitenote_active":false,"_monsterinsights_sitenote_note":"","_monsterinsights_sitenote_category":0,"neve_meta_sidebar":"","neve_meta_container":"full-width","neve_meta_enable_content_width":"","neve_meta_content_width":0,"neve_meta_title_alignment":"","neve_meta_author_avatar":"","neve_post_elements_order":"","neve_meta_disable_header":"","neve_meta_disable_footer":"","neve_meta_disable_title":"on","footnotes":""},"class_list":["post-1345","page","type-page","status-publish","hentry"],"_links":{"self":[{"href":"https:\/\/wpginternational.com.co\/index.php?rest_route=\/wp\/v2\/pages\/1345","targetHints":{"allow":["GET"]}}],"collection":[{"href":"https:\/\/wpginternational.com.co\/index.php?rest_route=\/wp\/v2\/pages"}],"about":[{"href":"https:\/\/wpginternational.com.co\/index.php?rest_route=\/wp\/v2\/types\/page"}],"author":[{"embeddable":true,"href":"https:\/\/wpginternational.com.co\/index.php?rest_route=\/wp\/v2\/users\/1"}],"replies":[{"embeddable":true,"href":"https:\/\/wpginternational.com.co\/index.php?rest_route=%2Fwp%2Fv2%2Fcomments&post=1345"}],"version-history":[{"count":9,"href":"https:\/\/wpginternational.com.co\/index.php?rest_route=\/wp\/v2\/pages\/1345\/revisions"}],"predecessor-version":[{"id":1356,"href":"https:\/\/wpginternational.com.co\/index.php?rest_route=\/wp\/v2\/pages\/1345\/revisions\/1356"}],"wp:attachment":[{"href":"https:\/\/wpginternational.com.co\/index.php?rest_route=%2Fwp%2Fv2%2Fmedia&parent=1345"}],"curies":[{"name":"wp","href":"https:\/\/api.w.org\/{rel}","templated":true}]}}