{"id":1076,"date":"2021-04-12T05:31:36","date_gmt":"2021-04-12T05:31:36","guid":{"rendered":"http:\/\/wpginternational.com.co\/?page_id=1076"},"modified":"2022-03-13T22:43:56","modified_gmt":"2022-03-13T22:43:56","slug":"contact","status":"publish","type":"page","link":"https:\/\/wpginternational.com.co\/?page_id=1076","title":{"rendered":"CONTACTO"},"content":{"rendered":"\n<div class=\"wp-block-columns is-layout-flex wp-container-core-columns-is-layout-9d6595d7 wp-block-columns-is-layout-flex\">\n<div class=\"wp-block-column has-nv-light-bg-background-color has-background is-layout-flow wp-block-column-is-layout-flow\">\n<div class=\"wp-block-columns is-layout-flex wp-container-core-columns-is-layout-9d6595d7 wp-block-columns-is-layout-flex\">\n<div class=\"wp-block-column is-layout-flow wp-block-column-is-layout-flow\" style=\"flex-basis:60px\"><\/div>\n\n\n\n<div class=\"wp-block-column is-layout-flow wp-block-column-is-layout-flow\" style=\"flex-basis:100%\">\n<div style=\"height:30px\" aria-hidden=\"true\" class=\"wp-block-spacer\"><\/div>\n\n\n\n<p class=\"has-text-align-center has-large-font-size\"><strong>El Socio Que Necesita<\/strong><\/p>\n<\/div>\n\n\n\n<div class=\"wp-block-column is-layout-flow wp-block-column-is-layout-flow\" style=\"flex-basis:60px\"><\/div>\n<\/div>\n<\/div>\n<\/div>\n\n\n\n<div class=\"wp-block-columns is-layout-flex wp-container-core-columns-is-layout-9d6595d7 wp-block-columns-is-layout-flex\">\n<div class=\"wp-block-column is-layout-flow wp-block-column-is-layout-flow\" style=\"flex-basis:60px\"><\/div>\n\n\n\n<div class=\"wp-block-column is-layout-flow wp-block-column-is-layout-flow\">\n<p class=\"has-text-align-center has-medium-font-size\">D\u00edganos c\u00f3mo podemos ayudarle. Ll\u00e1menos o env\u00edenos un correo electr\u00f3nico.<\/p>\n<\/div>\n\n\n\n<div class=\"wp-block-column is-layout-flow wp-block-column-is-layout-flow\" style=\"flex-basis:60px\"><\/div>\n<\/div>\n\n\n\n<div class=\"wp-block-columns is-layout-flex wp-container-core-columns-is-layout-9d6595d7 wp-block-columns-is-layout-flex\">\n<div class=\"wp-block-column is-layout-flow wp-block-column-is-layout-flow\" style=\"flex-basis:100px\"><\/div>\n\n\n\n<div class=\"wp-block-column has-neve-link-color-color has-text-color is-layout-flow wp-block-column-is-layout-flow\" style=\"flex-basis:300px\">\n<h5 class=\"wp-block-heading\"><strong>Colombia<\/strong><\/h5>\n\n\n\n<p><strong>WP Group \u2013 Sed Nove<\/strong><br>Cra. 7 No. 79B-57<br>Oficina 104<br>Bogot\u00e1, Colombia\/C.P., 110221<br>+57 (1) 2553901<\/p>\n\n\n\n<h5 class=\"wp-block-heading\"><strong>Washington, DC<\/strong><\/h5>\n\n\n\n<p><strong>WP Group<\/strong><br>1701 Pennsylvania Ave<br>Suite 200<br>Washington, DC 20006<br>202 248 5422<\/p>\n\n\n\n<h5 class=\"wp-block-heading\"><strong>Puerto Rico<\/strong><\/h5>\n\n\n\n<p><strong>WP Group<\/strong><br>654 Plaza, Suite 1801<br>654 Mu\u00f1oz Rivera Ave<br>San Juan, Puerto Rico 00918<br>787 946 5525<\/p>\n\n\n\n<h5 class=\"wp-block-heading\"><strong>Argentina<\/strong><\/h5>\n\n\n\n<p><strong>Infomedia<\/strong><br>Av Santa Fe 1752, 3\u02daA<br>Buenos Aires, Argentina<br>+54 11 6842 0725<\/p>\n\n\n\n<h5 class=\"wp-block-heading\"><strong>Panama<\/strong><\/h5>\n\n\n\n<p><strong>WP Group, Inc.<br><\/strong>Capital Plaza, Piso 8<br>Costa del Este<br>Ave Roberto Motta<br>Ciudad de Panam\u00e1, Panam\u00e1<br>+507 3069600<\/p>\n\n\n\n<h5 class=\"wp-block-heading\"><strong>Peru<\/strong><\/h5>\n\n\n\n<p class=\"has-neve-link-color-color has-text-color\"><strong>WP Group \u2013 Concertum<\/strong><br>Calle Los Angeles 340<br>Miraflores, Lima 18<br>Per\u00fa<br>+51 (1) 6286230<\/p>\n<\/div>\n\n\n\n<div class=\"wp-block-column is-layout-flow wp-block-column-is-layout-flow\"><div class=\"wpforms-container \" id=\"wpforms-4\"><form id=\"wpforms-form-4\" class=\"wpforms-validate wpforms-form\" data-formid=\"4\" method=\"post\" enctype=\"multipart\/form-data\" action=\"\/index.php?rest_route=%2Fwp%2Fv2%2Fpages%2F1076\" data-token=\"9284d45e0c9b292e7396714f5a314b14\"><noscript class=\"wpforms-error-noscript\">Please enable JavaScript in your browser to complete this form.<\/noscript><div class=\"wpforms-field-container\"><div id=\"wpforms-4-field_1-container\" class=\"wpforms-field wpforms-field-name\" data-field-id=\"1\"><label class=\"wpforms-field-label wpforms-label-hide\" for=\"wpforms-4-field_1\">Nombre <span class=\"wpforms-required-label\">*<\/span><\/label><input type=\"text\" id=\"wpforms-4-field_1\" class=\"wpforms-field-large wpforms-field-required\" name=\"wpforms[fields][1]\" placeholder=\"Nombre Completo *\" required><\/div><div id=\"wpforms-4-field_2-container\" class=\"wpforms-field wpforms-field-email\" data-field-id=\"2\"><label class=\"wpforms-field-label wpforms-label-hide\" for=\"wpforms-4-field_2\">Email <span class=\"wpforms-required-label\">*<\/span><\/label><input type=\"email\" id=\"wpforms-4-field_2\" class=\"wpforms-field-large wpforms-field-required\" name=\"wpforms[fields][2]\" placeholder=\"Correo*\" required><\/div><div id=\"wpforms-4-field_3-container\" class=\"wpforms-field wpforms-field-text\" data-field-id=\"3\"><label class=\"wpforms-field-label wpforms-label-hide\" for=\"wpforms-4-field_3\">Asunto <span class=\"wpforms-required-label\">*<\/span><\/label><input type=\"text\" id=\"wpforms-4-field_3\" class=\"wpforms-field-large wpforms-field-required\" name=\"wpforms[fields][3]\" placeholder=\"Asunto*\" required><\/div><div id=\"wpforms-4-field_4-container\" class=\"wpforms-field wpforms-field-textarea\" data-field-id=\"4\"><label class=\"wpforms-field-label wpforms-label-hide\" for=\"wpforms-4-field_4\">Mensaje <span class=\"wpforms-required-label\">*<\/span><\/label><textarea id=\"wpforms-4-field_4\" class=\"wpforms-field-medium wpforms-field-required\" name=\"wpforms[fields][4]\" placeholder=\"Mensaje*\" required><\/textarea><\/div><\/div><div class=\"wpforms-submit-container\"><input type=\"hidden\" name=\"wpforms[id]\" value=\"4\"><input type=\"hidden\" name=\"wpforms[author]\" value=\"1\"><button type=\"submit\" name=\"wpforms[submit]\" id=\"wpforms-submit-4\" class=\"wpforms-submit\" data-alt-text=\"Sending...\" data-submit-text=\"ENVIAR\" aria-live=\"assertive\" value=\"wpforms-submit\">ENVIAR<\/button><\/div><\/form><\/div>  <!-- .wpforms-container --><\/div>\n\n\n\n<div class=\"wp-block-column is-layout-flow wp-block-column-is-layout-flow\" style=\"flex-basis:100px\"><\/div>\n<\/div>\n\n\n\n<div class=\"wp-block-cover\" style=\"min-height:400px;aspect-ratio:unset;\"><span aria-hidden=\"true\" class=\"has-neve-link-color-background-color has-background-dim-100 wp-block-cover__gradient-background has-background-dim\"><\/span><div class=\"wp-block-cover__inner-container is-layout-flow wp-block-cover-is-layout-flow\">\n<div class=\"wp-block-columns is-layout-flex wp-container-core-columns-is-layout-9d6595d7 wp-block-columns-is-layout-flex\">\n<div class=\"wp-block-column is-layout-flow wp-block-column-is-layout-flow\">\n<div style=\"height:50px\" aria-hidden=\"true\" class=\"wp-block-spacer\"><\/div>\n\n\n\n<div class=\"wp-block-columns is-layout-flex wp-container-core-columns-is-layout-9d6595d7 wp-block-columns-is-layout-flex\">\n<div class=\"wp-block-column is-layout-flow wp-block-column-is-layout-flow\" style=\"flex-basis:30px\">\n<div style=\"height:20px\" aria-hidden=\"true\" class=\"wp-block-spacer\"><\/div>\n<\/div>\n\n\n\n<div class=\"wp-block-column is-layout-flow wp-block-column-is-layout-flow\">\n<hr class=\"wp-block-separator has-text-color has-background\" style=\"background-color:#728197;color:#728197\"\/>\n\n\n\n<p class=\"has-text-color\" style=\"color:#728197;font-size:14px\"><strong>COLOMBIA<\/strong><br>WP Group &#8211; Sed Nove<br>Cra. 7 No. 79B-57<br>Oficina 104<br>Bogot\u00e1, Colombia\/C.P., 110221<br>+57 (1) 2553901<\/p>\n\n\n\n<div style=\"height:20px\" aria-hidden=\"true\" class=\"wp-block-spacer\"><\/div>\n\n\n\n<hr class=\"wp-block-separator has-text-color has-background\" style=\"background-color:#728197;color:#728197\"\/>\n\n\n\n<p class=\"has-text-color\" style=\"color:#728197;font-size:14px\"><strong><strong>PUERTO RICO<\/strong><br><\/strong>WP Group<br>654 Plaza, Suite 1801<br>654 Mu\u00f1oz Rivera Ave<br>San Juan, Puerto Rico 00918<br>787 946 55<strong>25<\/strong><\/p>\n<\/div>\n\n\n\n<div class=\"wp-block-column is-layout-flow wp-block-column-is-layout-flow\">\n<hr class=\"wp-block-separator has-text-color has-background\" style=\"background-color:#728197;color:#728197\"\/>\n\n\n\n<p class=\"has-text-color\" style=\"color:#728197;font-size:14px\"><strong><strong>WASHINGTON, DC<\/strong><br><\/strong>WP Group<br>1701 Pennsylvania Ave<br>Suite 200<br>Washington, DC 20006<br>202 248 54221<\/p>\n\n\n\n<div style=\"height:20px\" aria-hidden=\"true\" class=\"wp-block-spacer\"><\/div>\n\n\n\n<hr class=\"wp-block-separator has-text-color has-background\" style=\"background-color:#728197;color:#728197\"\/>\n\n\n\n<p class=\"has-text-color\" style=\"color:#728197;font-size:14px\"><strong><strong><strong>ARGENTINA<\/strong><\/strong><\/strong><br>Infomedia<strong><strong><br><\/strong><\/strong>Av Santa Fe 1752, 3\u02daA<br>Buenos Aires, Argentina<br>+54 11 6842 07251<\/p>\n<\/div>\n\n\n\n<div class=\"wp-block-column is-layout-flow wp-block-column-is-layout-flow\">\n<hr class=\"wp-block-separator has-text-color has-background\" style=\"background-color:#728197;color:#728197\"\/>\n\n\n\n<p class=\"has-text-color\" style=\"color:#728197\"><strong><strong><strong>PANAMA<\/strong><br><\/strong><\/strong>WP Group, Inc.<br>Capital Plaza, Piso 8<br>Costa del Este<br>Ave Roberto Motta<br>Ciudad de Panam\u00e1, Panam\u00e1<br>+507 3069600 &#8211; 202 248 54221<\/p>\n<\/div>\n\n\n\n<div class=\"wp-block-column is-layout-flow wp-block-column-is-layout-flow\">\n<hr class=\"wp-block-separator has-text-color has-background\" style=\"background-color:#728197;color:#728197\"\/>\n\n\n\n<p class=\"has-text-color\" style=\"color:#728197;font-size:14px\"><strong><strong><strong><strong>PERU<\/strong><\/strong><\/strong><\/strong><br>WP Group &#8211; Concertum<strong><strong><strong><br><\/strong><\/strong><\/strong>Calle Los Angeles 340<br>Miraflores, Lima 18<br>Per\u00fa<br>+51 (1) 6286230<\/p>\n<\/div>\n\n\n\n<div class=\"wp-block-column is-layout-flow wp-block-column-is-layout-flow\" style=\"flex-basis:30px\"><\/div>\n<\/div>\n<\/div>\n<\/div>\n\n\n\n<div class=\"wp-block-columns is-layout-flex wp-container-core-columns-is-layout-9d6595d7 wp-block-columns-is-layout-flex\">\n<div class=\"wp-block-column has-neve-link-color-background-color has-background is-layout-flow wp-block-column-is-layout-flow\" style=\"flex-basis:25%\"><\/div>\n\n\n\n<div class=\"wp-block-column is-layout-flow wp-block-column-is-layout-flow\" style=\"flex-basis:50%\">\n<p class=\"has-text-align-center has-text-color\" style=\"color:#728197\"><em>An International Consulting Firm<\/em><br>Washington DC | Puerto Rico | Latin America<\/p>\n<\/div>\n\n\n\n<div class=\"wp-block-column is-layout-flow wp-block-column-is-layout-flow\" style=\"flex-basis:25%\"><\/div>\n<\/div>\n<\/div><\/div>\n","protected":false},"excerpt":{"rendered":"<p>El Socio Que Necesita D\u00edganos c\u00f3mo podemos ayudarle. Ll\u00e1menos o env\u00edenos un correo electr\u00f3nico. Colombia WP Group \u2013 Sed NoveCra. 7 No. 79B-57Oficina 104Bogot\u00e1, Colombia\/C.P., 110221+57 (1) 2553901 Washington, DC WP Group1701 Pennsylvania AveSuite 200Washington, DC 20006202 248 5422 Puerto Rico WP Group654 Plaza, Suite 1801654 Mu\u00f1oz Rivera AveSan Juan, Puerto Rico 00918787 946 5525&hellip;&nbsp;<a href=\"https:\/\/wpginternational.com.co\/?page_id=1076\" class=\"\" rel=\"bookmark\">Read More &raquo;<span class=\"screen-reader-text\">CONTACTO<\/span><\/a><\/p>\n","protected":false},"author":1,"featured_media":0,"parent":0,"menu_order":0,"comment_status":"closed","ping_status":"closed","template":"","meta":{"om_disable_all_campaigns":false,"_monsterinsights_skip_tracking":false,"_monsterinsights_sitenote_active":false,"_monsterinsights_sitenote_note":"","_monsterinsights_sitenote_category":0,"neve_meta_sidebar":"","neve_meta_container":"full-width","neve_meta_enable_content_width":"","neve_meta_content_width":0,"neve_meta_title_alignment":"","neve_meta_author_avatar":"","neve_post_elements_order":"","neve_meta_disable_header":"","neve_meta_disable_footer":"","neve_meta_disable_title":"on","footnotes":""},"class_list":["post-1076","page","type-page","status-publish","hentry"],"_links":{"self":[{"href":"https:\/\/wpginternational.com.co\/index.php?rest_route=\/wp\/v2\/pages\/1076","targetHints":{"allow":["GET"]}}],"collection":[{"href":"https:\/\/wpginternational.com.co\/index.php?rest_route=\/wp\/v2\/pages"}],"about":[{"href":"https:\/\/wpginternational.com.co\/index.php?rest_route=\/wp\/v2\/types\/page"}],"author":[{"embeddable":true,"href":"https:\/\/wpginternational.com.co\/index.php?rest_route=\/wp\/v2\/users\/1"}],"replies":[{"embeddable":true,"href":"https:\/\/wpginternational.com.co\/index.php?rest_route=%2Fwp%2Fv2%2Fcomments&post=1076"}],"version-history":[{"count":20,"href":"https:\/\/wpginternational.com.co\/index.php?rest_route=\/wp\/v2\/pages\/1076\/revisions"}],"predecessor-version":[{"id":1401,"href":"https:\/\/wpginternational.com.co\/index.php?rest_route=\/wp\/v2\/pages\/1076\/revisions\/1401"}],"wp:attachment":[{"href":"https:\/\/wpginternational.com.co\/index.php?rest_route=%2Fwp%2Fv2%2Fmedia&parent=1076"}],"curies":[{"name":"wp","href":"https:\/\/api.w.org\/{rel}","templated":true}]}}